{"id":59,"date":"2024-09-30T08:35:26","date_gmt":"2024-09-30T08:35:26","guid":{"rendered":"https:\/\/www.zatourian.louisst.o2switch.site\/blog\/?page_id=59"},"modified":"2024-11-13T10:36:29","modified_gmt":"2024-11-13T10:36:29","slug":"accueil","status":"publish","type":"page","link":"https:\/\/www.zatourian.louisst.o2switch.site\/blog\/","title":{"rendered":"accueil"},"content":{"rendered":"\n<p>bienvenue sur mon site. je m&rsquo;appelle L\u00e9o-Paul Zatourian j&rsquo;ai 18 ans, je suis \u00e9tudiant en BTS NDRC \u00e0 Saint louis Saint Bruno. <\/p>\n\n\n\n<p>ici sur se site vous retrouverez du sport et les m\u00e9tiers qu&rsquo;il l&rsquo;entoure<\/p>\n\n\n\n<p>personnellement je suis passionn\u00e9 de sport, je suis et je pratique beaucoup de sport telle que le foot, le volley, le v\u00e9lo, le tennis&#8230;<\/p>\n\n\n\n<div class=\"wp-block-uagb-image alignwide uagb-block-76528c95 wp-block-uagb-image--layout-default wp-block-uagb-image--effect-static wp-block-uagb-image--align-wide\"><figure class=\"wp-block-uagb-image__figure\"><img decoding=\"async\" srcset=\"https:\/\/www.zatourian.louisst.o2switch.site\/blog\/wp-content\/uploads\/2024\/11\/football-488714_1280-1024x682.jpg ,https:\/\/www.zatourian.louisst.o2switch.site\/blog\/wp-content\/uploads\/2024\/11\/football-488714_1280.jpg 780w, https:\/\/www.zatourian.louisst.o2switch.site\/blog\/wp-content\/uploads\/2024\/11\/football-488714_1280.jpg 360w\" sizes=\"auto, (max-width: 480px) 150px\" src=\"https:\/\/www.zatourian.louisst.o2switch.site\/blog\/wp-content\/uploads\/2024\/11\/football-488714_1280-1024x682.jpg\" alt=\"\" class=\"uag-image-136\" width=\"303\" height=\"200\" title=\"football-488714_1280\" loading=\"lazy\" role=\"img\"\/><\/figure><\/div>\n\n\n\n<div class=\"wp-block-uagb-image alignwide uagb-block-853ed71e wp-block-uagb-image--layout-default wp-block-uagb-image--effect-static wp-block-uagb-image--align-wide\"><figure class=\"wp-block-uagb-image__figure\"><img decoding=\"async\" srcset=\"https:\/\/www.zatourian.louisst.o2switch.site\/blog\/wp-content\/uploads\/2024\/11\/volleyball-520093_1280-1024x682.jpg ,https:\/\/www.zatourian.louisst.o2switch.site\/blog\/wp-content\/uploads\/2024\/11\/volleyball-520093_1280.jpg 780w, https:\/\/www.zatourian.louisst.o2switch.site\/blog\/wp-content\/uploads\/2024\/11\/volleyball-520093_1280.jpg 360w\" sizes=\"auto, (max-width: 480px) 150px\" src=\"https:\/\/www.zatourian.louisst.o2switch.site\/blog\/wp-content\/uploads\/2024\/11\/volleyball-520093_1280-1024x682.jpg\" alt=\"\" class=\"uag-image-133\" width=\"305\" height=\"14\" title=\"volleyball-520093_1280\" loading=\"lazy\" role=\"img\"\/><\/figure><\/div>\n\n\n\n<div class=\"wp-block-uagb-image alignwide uagb-block-c739d694 wp-block-uagb-image--layout-default wp-block-uagb-image--effect-static wp-block-uagb-image--align-wide\"><figure class=\"wp-block-uagb-image__figure\"><img decoding=\"async\" srcset=\"https:\/\/www.zatourian.louisst.o2switch.site\/blog\/wp-content\/uploads\/2024\/11\/tennis-7932066_1280-1024x682.webp ,https:\/\/www.zatourian.louisst.o2switch.site\/blog\/wp-content\/uploads\/2024\/11\/tennis-7932066_1280.webp 780w, https:\/\/www.zatourian.louisst.o2switch.site\/blog\/wp-content\/uploads\/2024\/11\/tennis-7932066_1280.webp 360w\" sizes=\"auto, (max-width: 480px) 150px\" src=\"https:\/\/www.zatourian.louisst.o2switch.site\/blog\/wp-content\/uploads\/2024\/11\/tennis-7932066_1280-1024x682.webp\" alt=\"\" class=\"uag-image-132\" width=\"304\" height=\"140\" title=\"tennis-7932066_1280\" loading=\"lazy\" role=\"img\"\/><\/figure><\/div>\n\n\n\n<div class=\"wp-block-uagb-image alignwide uagb-block-38350406 wp-block-uagb-image--layout-default wp-block-uagb-image--effect-static wp-block-uagb-image--align-wide\"><figure class=\"wp-block-uagb-image__figure\"><img decoding=\"async\" srcset=\"https:\/\/www.zatourian.louisst.o2switch.site\/blog\/wp-content\/uploads\/2024\/11\/cycling-8215968_1280-1024x682.webp ,https:\/\/www.zatourian.louisst.o2switch.site\/blog\/wp-content\/uploads\/2024\/11\/cycling-8215968_1280.webp 780w, https:\/\/www.zatourian.louisst.o2switch.site\/blog\/wp-content\/uploads\/2024\/11\/cycling-8215968_1280.webp 360w\" sizes=\"auto, (max-width: 480px) 150px\" src=\"https:\/\/www.zatourian.louisst.o2switch.site\/blog\/wp-content\/uploads\/2024\/11\/cycling-8215968_1280-1024x682.webp\" alt=\"\" class=\"uag-image-135\" width=\"306\" height=\"203\" title=\"cycling-8215968_1280\" loading=\"lazy\" role=\"img\"\/><\/figure><\/div>\n\n\n\n<p>je pratique souvent ses sports cependant j&rsquo;ai remarqu\u00e9 que je pratiquais plus certains sport selon les saisons, par exemple je pratique plus de v\u00e9lo l&rsquo;\u00e9t\u00e9 plut\u00f4t que l&rsquo;hiver&#8230;<\/p>\n\n\n\n<div class=\"wp-block-comments\">\n\n\t<div id=\"respond\" class=\"comment-respond wp-block-post-comments-form\">\n\t\t<h3 id=\"reply-title\" class=\"comment-reply-title\">Laisser un commentaire<\/h3><form action=\"https:\/\/www.zatourian.louisst.o2switch.site\/blog\/wp-comments-post.php\" method=\"post\" id=\"commentform\" class=\"comment-form\"><p class=\"comment-notes\"><span id=\"email-notes\">Votre adresse e-mail ne sera pas publi\u00e9e.<\/span> <span class=\"required-field-message\">Les champs obligatoires sont indiqu\u00e9s avec <span class=\"required\">*<\/span><\/span><\/p><p class=\"comment-form-comment\"><label for=\"comment\">Commentaire <span class=\"required\">*<\/span><\/label> <textarea id=\"comment\" name=\"comment\" cols=\"45\" rows=\"8\" maxlength=\"65525\" required=\"required\"><\/textarea><\/p><div class=\"ast-comment-formwrap ast-row\"><p class=\"comment-form-author ast-grid-common-col ast-width-lg-33 ast-width-md-4 ast-float\"><label for=\"author\" class=\"screen-reader-text\">Name*<\/label><input id=\"author\" name=\"author\" type=\"text\" value=\"\" placeholder=\"Name*\" size=\"30\" aria-required='true' \/><\/p>\n<p class=\"comment-form-email ast-grid-common-col ast-width-lg-33 ast-width-md-4 ast-float\"><label for=\"email\" class=\"screen-reader-text\">Email*<\/label><input id=\"email\" name=\"email\" type=\"text\" value=\"\" placeholder=\"Email*\" size=\"30\" aria-required='true' \/><\/p>\n<p class=\"comment-form-url ast-grid-common-col ast-width-lg-33 ast-width-md-4 ast-float\"><label for=\"url\"><label for=\"url\" class=\"screen-reader-text\">Site Internet<\/label><input id=\"url\" name=\"url\" type=\"text\" value=\"\" placeholder=\"Site Internet\" size=\"30\" \/><\/label><\/p><\/div>\n<p class=\"form-submit\"><input name=\"submit\" type=\"submit\" id=\"submit\" class=\"submit\" value=\"Laisser un commentaire\" \/> <input type='hidden' name='comment_post_ID' value='59' id='comment_post_ID' \/>\n<input type='hidden' name='comment_parent' id='comment_parent' value='0' \/>\n<\/p><\/form>\t<\/div><!-- #respond -->\n\t<\/div>\n\n\n\n<p class=\"has-text-align-right\">                                                                                                                                                                                                          l.zatourian@slsb.fr<\/p>\n\n\n\n<div class=\"wp-block-uagb-image alignright uagb-block-2fbd71d7 wp-block-uagb-image--layout-default wp-block-uagb-image--effect-static wp-block-uagb-image--align-right\"><figure class=\"wp-block-uagb-image__figure\"><img decoding=\"async\" srcset=\"https:\/\/www.zatourian.louisst.o2switch.site\/blog\/wp-content\/uploads\/2024\/11\/leo-1.png ,https:\/\/www.zatourian.louisst.o2switch.site\/blog\/wp-content\/uploads\/2024\/11\/leo-1.png 780w, https:\/\/www.zatourian.louisst.o2switch.site\/blog\/wp-content\/uploads\/2024\/11\/leo-1.png 360w\" sizes=\"auto, (max-width: 480px) 150px\" src=\"https:\/\/www.zatourian.louisst.o2switch.site\/blog\/wp-content\/uploads\/2024\/11\/leo-1.png\" alt=\"\" class=\"uag-image-147\" width=\"143\" height=\"144\" title=\"l\u00e9o (1)\" loading=\"lazy\" role=\"img\"\/><\/figure><\/div>\n\n\n\n<p><\/p>\n\n\n\n<p><\/p>\n","protected":false},"excerpt":{"rendered":"<p>bienvenue sur mon site. je m&rsquo;appelle L\u00e9o-Paul Zatourian j&rsquo;ai 18 ans, je suis \u00e9tudiant en BTS NDRC \u00e0 Saint louis [&hellip;]<\/p>\n","protected":false},"author":1,"featured_media":0,"parent":0,"menu_order":0,"comment_status":"open","ping_status":"closed","template":"","meta":{"_uag_custom_page_level_css":"","site-sidebar-layout":"default","site-content-layout":"","ast-site-content-layout":"","site-content-style":"default","site-sidebar-style":"default","ast-global-header-display":"","ast-banner-title-visibility":"","ast-main-header-display":"","ast-hfb-above-header-display":"","ast-hfb-below-header-display":"","ast-hfb-mobile-header-display":"","site-post-title":"","ast-breadcrumbs-content":"","ast-featured-img":"","footer-sml-layout":"","theme-transparent-header-meta":"","adv-header-id-meta":"","stick-header-meta":"","header-above-stick-meta":"","header-main-stick-meta":"","header-below-stick-meta":"","astra-migrate-meta-layouts":"default","ast-page-background-enabled":"default","ast-page-background-meta":{"desktop":{"background-color":"var(--ast-global-color-4)","background-image":"","background-repeat":"repeat","background-position":"center center","background-size":"auto","background-attachment":"scroll","background-type":"","background-media":"","overlay-type":"","overlay-color":"","overlay-opacity":"","overlay-gradient":""},"tablet":{"background-color":"","background-image":"","background-repeat":"repeat","background-position":"center center","background-size":"auto","background-attachment":"scroll","background-type":"","background-media":"","overlay-type":"","overlay-color":"","overlay-opacity":"","overlay-gradient":""},"mobile":{"background-color":"","background-image":"","background-repeat":"repeat","background-position":"center center","background-size":"auto","background-attachment":"scroll","background-type":"","background-media":"","overlay-type":"","overlay-color":"","overlay-opacity":"","overlay-gradient":""}},"ast-content-background-meta":{"desktop":{"background-color":"var(--ast-global-color-5)","background-image":"","background-repeat":"repeat","background-position":"center center","background-size":"auto","background-attachment":"scroll","background-type":"","background-media":"","overlay-type":"","overlay-color":"","overlay-opacity":"","overlay-gradient":""},"tablet":{"background-color":"var(--ast-global-color-5)","background-image":"","background-repeat":"repeat","background-position":"center center","background-size":"auto","background-attachment":"scroll","background-type":"","background-media":"","overlay-type":"","overlay-color":"","overlay-opacity":"","overlay-gradient":""},"mobile":{"background-color":"var(--ast-global-color-5)","background-image":"","background-repeat":"repeat","background-position":"center center","background-size":"auto","background-attachment":"scroll","background-type":"","background-media":"","overlay-type":"","overlay-color":"","overlay-opacity":"","overlay-gradient":""}},"footnotes":""},"class_list":["post-59","page","type-page","status-publish","hentry"],"uagb_featured_image_src":{"full":false,"thumbnail":false,"medium":false,"medium_large":false,"large":false,"1536x1536":false,"2048x2048":false},"uagb_author_info":{"display_name":"admin","author_link":"https:\/\/www.zatourian.louisst.o2switch.site\/blog\/author\/admin\/"},"uagb_comment_info":0,"uagb_excerpt":"bienvenue sur mon site. je m&rsquo;appelle L\u00e9o-Paul Zatourian j&rsquo;ai 18 ans, je suis \u00e9tudiant en BTS NDRC \u00e0 Saint louis [&hellip;]","_links":{"self":[{"href":"https:\/\/www.zatourian.louisst.o2switch.site\/blog\/wp-json\/wp\/v2\/pages\/59","targetHints":{"allow":["GET"]}}],"collection":[{"href":"https:\/\/www.zatourian.louisst.o2switch.site\/blog\/wp-json\/wp\/v2\/pages"}],"about":[{"href":"https:\/\/www.zatourian.louisst.o2switch.site\/blog\/wp-json\/wp\/v2\/types\/page"}],"author":[{"embeddable":true,"href":"https:\/\/www.zatourian.louisst.o2switch.site\/blog\/wp-json\/wp\/v2\/users\/1"}],"replies":[{"embeddable":true,"href":"https:\/\/www.zatourian.louisst.o2switch.site\/blog\/wp-json\/wp\/v2\/comments?post=59"}],"version-history":[{"count":12,"href":"https:\/\/www.zatourian.louisst.o2switch.site\/blog\/wp-json\/wp\/v2\/pages\/59\/revisions"}],"predecessor-version":[{"id":152,"href":"https:\/\/www.zatourian.louisst.o2switch.site\/blog\/wp-json\/wp\/v2\/pages\/59\/revisions\/152"}],"wp:attachment":[{"href":"https:\/\/www.zatourian.louisst.o2switch.site\/blog\/wp-json\/wp\/v2\/media?parent=59"}],"curies":[{"name":"wp","href":"https:\/\/api.w.org\/{rel}","templated":true}]}}